{"id":239,"date":"2020-06-06T14:44:52","date_gmt":"2020-06-06T14:44:52","guid":{"rendered":"http:\/\/condominia.gentledesign.de\/?page_id=239"},"modified":"2020-09-30T07:25:47","modified_gmt":"2020-09-30T07:25:47","slug":"unsere-leistungen","status":"publish","type":"page","link":"https:\/\/condominia-berlin.de\/en\/unsere-leistungen\/","title":{"rendered":"Our services"},"content":{"rendered":"<h2 class=\"no-top\" id=\"1\"><strong>1. Pure Tenancy Management<\/strong><\/h2>\n\n\n\n<p>For owners of rental buildings, apartments or commercial units, we offer as a basic service the pure rental management:<\/p>\n\n\n\n<ul><li>Preparation of rental contracts<\/li><li>Rent collection and rent control, administration of deposits<\/li><li>Contact for tenants<\/li><li>Processing of tenant complaints and defect reports<\/li><li>Organization of necessary repairs, coordination of craftsmen<\/li><li>Accounting of operating expenses<\/li><li>Examination and realization of rent increases<\/li><li>Cancellations<\/li><li>Taking charge of other landlord\u2019s tasks<\/li><li>etc.<\/li><\/ul>\n\n\n\n<div style=\"height:100px\" aria-hidden=\"true\" class=\"wp-block-spacer\"><\/div>\n\n\n\n<h2 id=\"2\"><strong>2. Entire object management<\/strong><\/h2>\n\n\n\n<p>In addition, we offer the entire management of buildings rented for residential or commercial purposes:<\/p>\n\n\n\n<ul><li>Rental management as described above at point 1<\/li><li>Control of the maintenance state<\/li><li>Preparations of a maintenance plan<\/li><li>Organization of the necessary repairs or maintenance measures<\/li><li>Check of requirements and monitoring the proper execution of third party contracts like winter services, refuse collection, insurances etc.<\/li><li>Selection and assignment of craftsmen&nbsp;<\/li><li>Contact for third parties (e.g. authorities) for all property-related matters<\/li><li>etc.<\/li><\/ul>\n\n\n\n<p>The scope of the desired management services can be arranged individually.&nbsp;<\/p>\n\n\n\n<div style=\"height:100px\" aria-hidden=\"true\" class=\"wp-block-spacer\"><\/div>\n\n\n\n<h2 id=\"3\"><strong>3. Management of a freehold property unit in a condominium<\/strong><\/h2>\n\n\n\n<p>The management of a freehold property is the management of a - mostly rented - property unit (apartment or commercial unit) in a shared building:<\/p>\n\n\n\n<ul><li>Rental management as described above at point 1<\/li><li>Contact for owners\u2019 association, building management, tenants and third parties concerning all matters of the freehold unit&nbsp;<\/li><li>Receipt, examination and forwarding of correspondence with the owners\u2019 association, e.g. minutes of owners' meetings or other community concerns<\/li><li>Handling and monitoring of the owners\u2019 association fees of the freehold unit<\/li><li>etc.<\/li><\/ul>\n\n\n\n<div style=\"height:100px\" aria-hidden=\"true\" class=\"wp-block-spacer\"><\/div>\n\n\n\n<h2 class=\"no-en\" id=\"4\"><strong><\/strong><\/h2>\n\n\n\n<p class=\"no-en\"><\/p>\n\n\n\n<ul class=\"no-en\"><li><\/li><li><\/li><li><\/li><li>&nbsp;<\/li><li><\/li><\/ul>\n\n\n\n<p class=\"no-en\">Wir arbeiten mit der DKB (Deutsche Kreditbank AG) zusammen, auf Wunsch bleiben die WEG-Konten auch bei der aktuellen Bank.<br>&nbsp;<\/p>\n\n\n\n<div style=\"height:100px\" aria-hidden=\"true\" class=\"wp-block-spacer no-en\"><\/div>\n\n\n\n<h2 id=\"5\"><strong>4. Singular services<\/strong><\/h2>\n\n\n\n<ul><li>Summary of the essential object-related correspondence in English\u00a0<\/li><li>Intermediary in terms of language between owners and third parties for object-related matters<\/li><\/ul>\n\n\n\n<hr class=\"wp-block-separator\"\/>\n\n\n\n<p>You want to know more about our activities or you are interested in a management contract?&nbsp;<\/p>\n\n\n\n<p>We will gladly be at your disposal by phone, email or in person to answer your questions or to clarify further details.&nbsp;<\/p>\n\n\n\n<div class=\"wp-block-themeisle-blocks-advanced-columns has-1-columns has-desktop-equal-layout has-tablet-equal-layout has-mobile-equal-layout has-default-gap has-vertical-unset\" id=\"wp-block-themeisle-blocks-advanced-columns-86b49855\"><div class=\"wp-block-themeisle-blocks-advanced-columns-overlay\"><\/div><div class=\"innerblocks-wrap\">\n<div class=\"wp-block-themeisle-blocks-advanced-column\" id=\"wp-block-themeisle-blocks-advanced-column-b71a2350\"><\/div>\n<\/div><\/div>\n\n\n\n<div style=\"height:100px\" aria-hidden=\"true\" class=\"wp-block-spacer\"><\/div>","protected":false},"excerpt":{"rendered":"<p>1. Reine Mietverwaltung F\u00fcr Eigent\u00fcmer von Mietsh\u00e4usern, Wohnungen oder Gewerbeeinheiten bieten wir als Basisleistung die reine Mietverwaltung an: Erstellung von Mietvertr\u00e4gen Mieteinzug und Mietkontrolle, Kautionsverwaltung Ansprechpartner f\u00fcr Mieter Bearbeitung von Mieterbeschwerden und M\u00e4ngelanzeigen Organisation notwendiger Reparaturen, Handwerkerkoordination Betriebskostenabrechnungen Pr\u00fcfung und Umsetzung von Mieterh\u00f6hungen K\u00fcndigungen \u00dcbernahme sonstiger Vermieteraufgaben etc. 2. Geb\u00e4ude-Komplettverwaltung [&hellip;]<\/p>","protected":false},"author":1,"featured_media":0,"parent":0,"menu_order":0,"comment_status":"closed","ping_status":"closed","template":"page-templates\/template-fullwidth.php","meta":[],"_links":{"self":[{"href":"https:\/\/condominia-berlin.de\/en\/wp-json\/wp\/v2\/pages\/239"}],"collection":[{"href":"https:\/\/condominia-berlin.de\/en\/wp-json\/wp\/v2\/pages"}],"about":[{"href":"https:\/\/condominia-berlin.de\/en\/wp-json\/wp\/v2\/types\/page"}],"author":[{"embeddable":true,"href":"https:\/\/condominia-berlin.de\/en\/wp-json\/wp\/v2\/users\/1"}],"replies":[{"embeddable":true,"href":"https:\/\/condominia-berlin.de\/en\/wp-json\/wp\/v2\/comments?post=239"}],"version-history":[{"count":1,"href":"https:\/\/condominia-berlin.de\/en\/wp-json\/wp\/v2\/pages\/239\/revisions"}],"predecessor-version":[{"id":380,"href":"https:\/\/condominia-berlin.de\/en\/wp-json\/wp\/v2\/pages\/239\/revisions\/380"}],"wp:attachment":[{"href":"https:\/\/condominia-berlin.de\/en\/wp-json\/wp\/v2\/media?parent=239"}],"curies":[{"name":"wp","href":"https:\/\/api.w.org\/{rel}","templated":true}]}}