{"id":144,"date":"2018-08-07T10:50:47","date_gmt":"2018-08-07T10:50:47","guid":{"rendered":"http:\/\/demo.athemes.com\/atu-agency\/?page_id=144"},"modified":"2023-11-25T17:00:27","modified_gmt":"2023-11-25T17:00:27","slug":"contact","status":"publish","type":"page","link":"https:\/\/condominia-berlin.de\/en\/contact\/","title":{"rendered":"Contact"},"content":{"rendered":"<p class=\"bodytext\">Condominia Hausverwaltung Berlin UG is based in Berlin Charlottenburg near the S-Bahn station Messe Nord\/ICC (Ringbahn).<\/p>\n<p class=\"bodytext\">Our contact details at a glance:<\/p>\n<p class=\"bodytext\">Condominia Hausverwaltung Berlin UG<br \/>(haftungsbeschr\u00e4nkt)<br \/>Dernburgstra\u00dfe 59, 14057 Berlin<br \/>Telefon: +49 30 71539566<br \/>Telefax: +49 30 71539546<br \/>E-Mail: info@condominia-berlin.de<\/p>\n<p class=\"bodytext\">We are always available by telephone on weekdays during normal office hours. If we cannot answer your call immediately, please leave a message on our answering machine - we will call you back as soon as possible.<\/p>\n<p class=\"bodytext\">We would be pleased to be available for a personal conversation. In this case we ask you to arrange a meeting date in advance.<\/p>\n<p class=\"bodytext\">To contact us you can also use our contact form:<\/p>\n\n<div class=\"wpforms-container wpforms-container-full\" id=\"wpforms-5\"><form id=\"wpforms-form-5\" class=\"wpforms-validate wpforms-form\" data-formid=\"5\" method=\"post\" enctype=\"multipart\/form-data\" action=\"\/en\/wp-json\/wp\/v2\/pages\/144\" data-token=\"46e7fd1c70aff3317372bfad17b0c225\" data-trp-original-action=\"\/en\/wp-json\/wp\/v2\/pages\/144\"><noscript class=\"wpforms-error-noscript\">Please enable JavaScript in your browser to complete this form.<\/noscript><div class=\"wpforms-field-container\"><div id=\"wpforms-5-field_0-container\" class=\"wpforms-field wpforms-field-name\" data-field-id=\"0\"><label class=\"wpforms-field-label wpforms-label-hide\" for=\"wpforms-5-field_0\">Nachname <span class=\"wpforms-required-label\">*<\/span><\/label><input type=\"text\" id=\"wpforms-5-field_0\" class=\"wpforms-field-large wpforms-field-required\" name=\"wpforms[fields][0]\" placeholder=\"Nachname\" required><\/div><div id=\"wpforms-5-field_9-container\" class=\"wpforms-field wpforms-field-text\" data-field-id=\"9\"><label class=\"wpforms-field-label wpforms-label-hide\" for=\"wpforms-5-field_9\">Vorname<\/label><input type=\"text\" id=\"wpforms-5-field_9\" class=\"wpforms-field-large\" name=\"wpforms[fields][9]\" placeholder=\"Vorname\" ><\/div><div id=\"wpforms-5-field_5-container\" class=\"wpforms-field wpforms-field-email\" data-field-id=\"5\"><label class=\"wpforms-field-label wpforms-label-hide\" for=\"wpforms-5-field_5\">E-Mail <span class=\"wpforms-required-label\">*<\/span><\/label><input type=\"email\" id=\"wpforms-5-field_5\" class=\"wpforms-field-large wpforms-field-required\" name=\"wpforms[fields][5]\" placeholder=\"E-Mail\" required><\/div><div id=\"wpforms-5-field_10-container\" class=\"wpforms-field wpforms-field-text\" data-field-id=\"10\"><label class=\"wpforms-field-label wpforms-label-hide\" for=\"wpforms-5-field_10\">Telefon<\/label><input type=\"text\" id=\"wpforms-5-field_10\" class=\"wpforms-field-large\" name=\"wpforms[fields][10]\" placeholder=\"Telefon\" ><\/div><div id=\"wpforms-5-field_4-container\" class=\"wpforms-field wpforms-field-text\" data-field-id=\"4\"><label class=\"wpforms-field-label wpforms-label-hide\" for=\"wpforms-5-field_4\">Objekt<\/label><input type=\"text\" id=\"wpforms-5-field_4\" class=\"wpforms-field-large\" name=\"wpforms[fields][4]\" placeholder=\"Objekt\" ><\/div><div id=\"wpforms-5-field_2-container\" class=\"wpforms-field wpforms-field-textarea\" data-field-id=\"2\"><label class=\"wpforms-field-label wpforms-label-hide\" for=\"wpforms-5-field_2\">Nachricht <span class=\"wpforms-required-label\">*<\/span><\/label><textarea id=\"wpforms-5-field_2\" class=\"wpforms-field-medium wpforms-field-required\" name=\"wpforms[fields][2]\" placeholder=\"Nachricht\" required><\/textarea><\/div><div id=\"wpforms-5-field_7-container\" class=\"wpforms-field wpforms-field-checkbox wpforms-list-2-columns\" data-field-id=\"7\"><label class=\"wpforms-field-label\" for=\"wpforms-5-field_7\">Sind Sie bereits Kunde?<\/label><ul id=\"wpforms-5-field_7\"><li class=\"choice-1 depth-1\"><input type=\"checkbox\" id=\"wpforms-5-field_7_1\" name=\"wpforms[fields][7][]\" value=\"Ja\"  ><label class=\"wpforms-field-label-inline\" for=\"wpforms-5-field_7_1\">Ja<\/label><\/li><li class=\"choice-2 depth-1\"><input type=\"checkbox\" id=\"wpforms-5-field_7_2\" name=\"wpforms[fields][7][]\" value=\"Nein\"  ><label class=\"wpforms-field-label-inline\" for=\"wpforms-5-field_7_2\">Nein<\/label><\/li><\/ul><\/div><\/div><div class=\"wpforms-submit-container\" ><input type=\"hidden\" name=\"wpforms[id]\" value=\"5\"><input type=\"hidden\" name=\"wpforms[author]\" value=\"1\"><button type=\"submit\" name=\"wpforms[submit]\" class=\"wpforms-submit\" id=\"wpforms-submit-5\" value=\"wpforms-submit\" aria-live=\"assertive\" data-alt-text=\"Anfrage wird gesendet...\" data-submit-text=\"Anfrage Senden\">Anfrage Senden<\/button><\/div><input type=\"hidden\" name=\"trp-form-language\" value=\"en\"\/><\/form><\/div>  <!-- .wpforms-container -->\n\n\n<div style=\"height:100px\" aria-hidden=\"true\" class=\"wp-block-spacer\"><\/div>","protected":false},"excerpt":{"rendered":"<p>Die Condominia Hausverwaltung Berlin UG hat ihren Sitz in Berlin Charlottenburg nahe der S-Bahn Station Messe Nord\/ICC (Ringbahn). Unsere Kontaktdaten im \u00dcberblick: Condominia Hausverwaltung Berlin UG(haftungsbeschr\u00e4nkt)Dernburgstra\u00dfe 59, 14057 BerlinTelefon: +49 30 71539566Telefax: +49 30 71539546E-Mail: info@condominia-berlin.de Telefonisch stehen wir grunds\u00e4tzlich werktags w\u00e4hrend der \u00fcblichen B\u00fcrozeiten f\u00fcr Sie zur Verf\u00fcgung. Sollten [&hellip;]<\/p>","protected":false},"author":1,"featured_media":0,"parent":0,"menu_order":0,"comment_status":"closed","ping_status":"closed","template":"","meta":[],"_links":{"self":[{"href":"https:\/\/condominia-berlin.de\/en\/wp-json\/wp\/v2\/pages\/144"}],"collection":[{"href":"https:\/\/condominia-berlin.de\/en\/wp-json\/wp\/v2\/pages"}],"about":[{"href":"https:\/\/condominia-berlin.de\/en\/wp-json\/wp\/v2\/types\/page"}],"author":[{"embeddable":true,"href":"https:\/\/condominia-berlin.de\/en\/wp-json\/wp\/v2\/users\/1"}],"replies":[{"embeddable":true,"href":"https:\/\/condominia-berlin.de\/en\/wp-json\/wp\/v2\/comments?post=144"}],"version-history":[{"count":5,"href":"https:\/\/condominia-berlin.de\/en\/wp-json\/wp\/v2\/pages\/144\/revisions"}],"predecessor-version":[{"id":417,"href":"https:\/\/condominia-berlin.de\/en\/wp-json\/wp\/v2\/pages\/144\/revisions\/417"}],"wp:attachment":[{"href":"https:\/\/condominia-berlin.de\/en\/wp-json\/wp\/v2\/media?parent=144"}],"curies":[{"name":"wp","href":"https:\/\/api.w.org\/{rel}","templated":true}]}}